{"id":2280,"date":"2025-12-29T06:31:02","date_gmt":"2025-12-29T06:31:02","guid":{"rendered":"https:\/\/tietosuojattu.fi\/tsvt\/?page_id=2280"},"modified":"2026-03-25T08:43:00","modified_gmt":"2026-03-25T08:43:00","slug":"ilmoittaudu-tapahtumiin-ja-retkille","status":"publish","type":"page","link":"https:\/\/vanhustuki.fi\/index.php\/ilmoittaudu-tapahtumiin-ja-retkille\/","title":{"rendered":"Ilmoittaudu tapahtumiin ja retkille"},"content":{"rendered":"\t\t<div data-elementor-type=\"wp-page\" data-elementor-id=\"2280\" class=\"elementor elementor-2280\">\n\t\t\t\t<div class=\"elementor-element elementor-element-cdfa220 e-con-full e-flex e-con e-parent\" data-id=\"cdfa220\" data-element_type=\"container\" data-e-type=\"container\">\n\t\t\t\t<div class=\"elementor-element elementor-element-a0e6845 elementor-widget elementor-widget-spacer\" data-id=\"a0e6845\" data-element_type=\"widget\" data-e-type=\"widget\" data-widget_type=\"spacer.default\">\n\t\t\t\t\t\t\t<div class=\"elementor-spacer\">\n\t\t\t<div class=\"elementor-spacer-inner\"><\/div>\n\t\t<\/div>\n\t\t\t\t\t\t<\/div>\n\t\t\t\t<div class=\"elementor-element elementor-element-93cb2cf elementor-widget elementor-widget-heading\" data-id=\"93cb2cf\" data-element_type=\"widget\" data-e-type=\"widget\" data-widget_type=\"heading.default\">\n\t\t\t\t\t<h1 class=\"elementor-heading-title elementor-size-default\">Ilmoittaudu tapahtumiin ja retkille<\/h1>\t\t\t\t<\/div>\n\t\t\t\t<\/div>\n\t\t<div class=\"elementor-element elementor-element-a43d04c e-flex e-con-boxed e-con e-parent\" data-id=\"a43d04c\" data-element_type=\"container\" data-e-type=\"container\">\n\t\t\t\t\t<div class=\"e-con-inner\">\n\t\t\t\t<div class=\"elementor-element elementor-element-3b88a3e elementor-widget elementor-widget-spacer\" data-id=\"3b88a3e\" data-element_type=\"widget\" data-e-type=\"widget\" data-widget_type=\"spacer.default\">\n\t\t\t\t\t\t\t<div class=\"elementor-spacer\">\n\t\t\t<div class=\"elementor-spacer-inner\"><\/div>\n\t\t<\/div>\n\t\t\t\t\t\t<\/div>\n\t\t\t\t\t<\/div>\n\t\t\t\t<\/div>\n\t\t<div class=\"elementor-element elementor-element-4d0a21b e-con-full e-flex e-con e-parent\" data-id=\"4d0a21b\" data-element_type=\"container\" data-e-type=\"container\">\n\t\t\t\t<div class=\"elementor-element elementor-element-7b46a60 elementor-widget elementor-widget-text-editor\" data-id=\"7b46a60\" data-element_type=\"widget\" data-e-type=\"widget\" data-widget_type=\"text-editor.default\">\n\t\t\t\t\t\t\t\t\t<p data-pm-slice=\"1 1 []\">T\u00e4m\u00e4n lomakkeen kautta voit ilmoittautua mukaan retkille ja tapahtumiin.\u00a0\u00a0<\/p><p data-pm-slice=\"1 1 []\">Mik\u00e4li ilmoittaudut retkelle, laitamme sinulle lis\u00e4tiedot retkest\u00e4 esim. maksutiedot viestitse.<\/p>\t\t\t\t\t\t\t\t<\/div>\n\t\t\t\t<\/div>\n\t\t<div class=\"elementor-element elementor-element-4497c96 e-flex e-con-boxed e-con e-parent\" data-id=\"4497c96\" data-element_type=\"container\" data-e-type=\"container\">\n\t\t\t\t\t<div class=\"e-con-inner\">\n\t\t\t\t<div class=\"elementor-element elementor-element-86c4636 elementor-widget elementor-widget-spacer\" data-id=\"86c4636\" data-element_type=\"widget\" data-e-type=\"widget\" data-widget_type=\"spacer.default\">\n\t\t\t\t\t\t\t<div class=\"elementor-spacer\">\n\t\t\t<div class=\"elementor-spacer-inner\"><\/div>\n\t\t<\/div>\n\t\t\t\t\t\t<\/div>\n\t\t\t\t\t<\/div>\n\t\t\t\t<\/div>\n\t\t<div class=\"elementor-element elementor-element-0f2896f e-con-full e-flex e-con e-parent\" data-id=\"0f2896f\" data-element_type=\"container\" data-e-type=\"container\">\n\t\t\t\t<div class=\"elementor-element elementor-element-2e19105 elementor-widget elementor-widget-heading\" data-id=\"2e19105\" data-element_type=\"widget\" data-e-type=\"widget\" data-widget_type=\"heading.default\">\n\t\t\t\t\t<h3 class=\"elementor-heading-title elementor-size-default\">Ilmoittautumislomake<br><\/h3>\t\t\t\t<\/div>\n\t\t\t\t<\/div>\n\t\t<div class=\"elementor-element elementor-element-13f63d1 e-con-full e-flex e-con e-parent\" data-id=\"13f63d1\" data-element_type=\"container\" data-e-type=\"container\">\n\t\t\t\t<div class=\"elementor-element elementor-element-60ba611 elementor-widget elementor-widget-shortcode\" data-id=\"60ba611\" data-element_type=\"widget\" data-e-type=\"widget\" data-widget_type=\"shortcode.default\">\n\t\t\t\t\t\t\t<div class=\"elementor-shortcode\">\n<div class=\"wpcf7 no-js\" id=\"wpcf7-f1252-o1\" lang=\"fi\" dir=\"ltr\" data-wpcf7-id=\"1252\">\n<div class=\"screen-reader-response\"><p role=\"status\" aria-live=\"polite\" aria-atomic=\"true\"><\/p> <ul><\/ul><\/div>\n<form action=\"\/index.php\/wp-json\/wp\/v2\/pages\/2280#wpcf7-f1252-o1\" method=\"post\" class=\"wpcf7-form init\" aria-label=\"Yhteydenottolomake\" novalidate=\"novalidate\" data-status=\"init\">\n<fieldset class=\"hidden-fields-container\"><input type=\"hidden\" name=\"_wpcf7\" value=\"1252\" \/><input type=\"hidden\" name=\"_wpcf7_version\" value=\"6.1.6\" \/><input type=\"hidden\" name=\"_wpcf7_locale\" value=\"fi\" \/><input type=\"hidden\" name=\"_wpcf7_unit_tag\" value=\"wpcf7-f1252-o1\" \/><input type=\"hidden\" name=\"_wpcf7_container_post\" value=\"0\" \/><input type=\"hidden\" name=\"_wpcf7_posted_data_hash\" value=\"\" \/>\n<\/fieldset>\n<p><label> Nimi*<br \/>\n<span class=\"wpcf7-form-control-wrap\" data-name=\"your-name\"><input size=\"40\" maxlength=\"400\" class=\"wpcf7-form-control wpcf7-text wpcf7-validates-as-required\" autocomplete=\"name\" aria-required=\"true\" aria-invalid=\"false\" value=\"\" type=\"text\" name=\"your-name\" \/><\/span> <\/label>\n<\/p>\n<p><label> S\u00e4hk\u00f6postiosoite<br \/>\n<span class=\"wpcf7-form-control-wrap\" data-name=\"your-email\"><input size=\"40\" maxlength=\"400\" class=\"wpcf7-form-control wpcf7-email wpcf7-text wpcf7-validates-as-email\" autocomplete=\"email\" aria-invalid=\"false\" value=\"\" type=\"email\" name=\"your-email\" \/><\/span> <\/label>\n<\/p>\n<p><label> Puhelinnumero*<br \/>\n<span class=\"wpcf7-form-control-wrap\" data-name=\"tel-999\"><input size=\"40\" maxlength=\"400\" class=\"wpcf7-form-control wpcf7-tel wpcf7-validates-as-required wpcf7-text wpcf7-validates-as-tel\" aria-required=\"true\" aria-invalid=\"false\" value=\"\" type=\"tel\" name=\"tel-999\" \/><\/span> <\/label>\n<\/p>\n<p><label> Haluan ilmoittautua mukaan<br \/>\n<span class=\"wpcf7-form-control-wrap\" data-name=\"checkbox-886\"><span class=\"wpcf7-form-control wpcf7-checkbox\"><span class=\"wpcf7-list-item first\"><label><input type=\"checkbox\" name=\"checkbox-886[]\" value=\"Syntym\u00e4p\u00e4iv\u00e4kahvit 21.4.2026\" \/><span class=\"wpcf7-list-item-label\">Syntym\u00e4p\u00e4iv\u00e4kahvit 21.4.2026<\/span><\/label><\/span><span class=\"wpcf7-list-item\"><label><input type=\"checkbox\" name=\"checkbox-886[]\" value=\"Vappujuhlat 28.4.2026\" \/><span class=\"wpcf7-list-item-label\">Vappujuhlat 28.4.2026<\/span><\/label><\/span><span class=\"wpcf7-list-item last\"><label><input type=\"checkbox\" name=\"checkbox-886[]\" value=\"Retki Eduskuntataloon 11.6.2026\" \/><span class=\"wpcf7-list-item-label\">Retki Eduskuntataloon 11.6.2026<\/span><\/label><\/span><\/span><\/span> <\/label>\n<\/p>\n<p><label> Mahdolliset ruoka-aineallergiat ja retkien yhteydess\u00e4 mainitse nousetko kyytiin Ruusukorttelista\/Lehmusvalkamasta sek\u00e4 mahdollinen apuv\u00e4line (valinnainen)<br \/>\n<span class=\"wpcf7-form-control-wrap\" data-name=\"text-14\"><input size=\"40\" maxlength=\"400\" class=\"wpcf7-form-control wpcf7-text\" aria-invalid=\"false\" value=\"\" type=\"text\" name=\"text-14\" \/><\/span> <\/label>\n<\/p>\n<p><input class=\"wpcf7-form-control wpcf7-submit has-spinner\" type=\"submit\" value=\"Ilmoittaudu\" \/>\n<\/p><div class=\"wpcf7-response-output\" aria-hidden=\"true\"><\/div>\n<\/form>\n<\/div>\n<\/div>\n\t\t\t\t\t\t<\/div>\n\t\t\t\t<\/div>\n\t\t<div class=\"elementor-element elementor-element-c63bc23 e-flex e-con-boxed e-con e-parent\" data-id=\"c63bc23\" data-element_type=\"container\" data-e-type=\"container\">\n\t\t\t\t\t<div class=\"e-con-inner\">\n\t\t<div class=\"elementor-element elementor-element-13411b4 e-con-full e-flex e-con e-child\" data-id=\"13411b4\" data-element_type=\"container\" data-e-type=\"container\">\n\t\t<div class=\"elementor-element elementor-element-0aa9195 e-con-full e-flex e-con e-child\" data-id=\"0aa9195\" data-element_type=\"container\" data-e-type=\"container\">\n\t\t\t\t<div class=\"elementor-element elementor-element-8f69ab2 elementor-widget elementor-widget-html\" data-id=\"8f69ab2\" data-element_type=\"widget\" data-e-type=\"widget\" data-widget_type=\"html.default\">\n\t\t\t\t\t<!-- Font Awesome -->\r\n<link rel=\"stylesheet\" href=\"https:\/\/cdnjs.cloudflare.com\/ajax\/libs\/font-awesome\/6.5.1\/css\/all.min.css\">\r\n\r\n<style>\r\n\/* =========================\r\n   FOOTER WRAPPER\r\n========================= *\/\r\n.footer-wrapper {\r\n  font-family: 'Poppins', sans-serif;\r\n  background-color: #697B6A;\r\n  color: #ffffff;\r\n  padding: 60px 40px;\r\n\r\n  \/* T\u00e4ysleve\u00e4 teemasta riippumatta *\/\r\n  width: 100vw;\r\n  margin-left: calc(-50vw + 50%);\r\n}\r\n\r\n\/* =========================\r\n   LAYOUT\r\n========================= *\/\r\n.footer-columns {\r\n  display: flex;\r\n  gap: 40px;\r\n  max-width: 1200px;\r\n  margin: 0 auto;\r\n}\r\n\r\n.footer-column {\r\n  flex: 1;\r\n  font-size: 14px;\r\n  line-height: 1.6;\r\n}\r\n\r\n.footer-column h4 {\r\n  font-size: 16px;\r\n  margin-bottom: 15px;\r\n  font-weight: 600;\r\n  color: #ffffff;\r\n}\r\n\r\n\/* =========================\r\n   LINKIT \u2013 PAKOTETTU VALKOINEN\r\n========================= *\/\r\n.footer-wrapper a,\r\n.footer-wrapper a:visited,\r\n.footer-wrapper a:hover,\r\n.footer-wrapper a:focus,\r\n.footer-wrapper a:active {\r\n  color: #ffffff !important;\r\n  text-decoration: none !important;\r\n  position: relative;\r\n}\r\n\r\n\/* Hover-alaviiva *\/\r\n.footer-wrapper a::after {\r\n  content: \"\";\r\n  position: absolute;\r\n  left: 0;\r\n  bottom: -3px;\r\n  width: 0;\r\n  height: 1px;\r\n  background-color: #ffffff;\r\n  transition: width 0.3s ease;\r\n}\r\n\r\n.footer-wrapper a:hover::after {\r\n  width: 100%;\r\n}\r\n\r\n\/* =========================\r\n   SOME-IKONIT\r\n========================= *\/\r\n.footer-social {\r\n  margin-top: 20px;\r\n}\r\n\r\n.footer-social a {\r\n  display: inline-flex;\r\n  align-items: center;\r\n  justify-content: center;\r\n  width: 36px;\r\n  height: 36px;\r\n  margin-right: 10px;\r\n  border: 1px solid #ffffff;\r\n  border-radius: 50%;\r\n  font-size: 16px;\r\n  transition: background-color 0.3s ease, color 0.3s ease;\r\n}\r\n\r\n\/* Ei alaviivaa ikoneille *\/\r\n.footer-social a::after {\r\n  display: none;\r\n}\r\n\r\n.footer-social a:hover {\r\n  background-color: #ffffff;\r\n  color: #1e1e1e !important;\r\n}\r\n\r\n\/* =========================\r\n   NAVIGAATIO\r\n========================= *\/\r\n.footer-nav ul {\r\n  list-style: none;\r\n  padding: 0;\r\n  margin: 0;\r\n}\r\n\r\n.footer-nav li {\r\n  margin-bottom: 8px;\r\n}\r\n\r\n\/* =========================\r\n   MAPS\r\n========================= *\/\r\n.footer-map iframe {\r\n  width: 100%;\r\n  height: 250px;\r\n  border: 0;\r\n}\r\n\r\n\/* =========================\r\n   MOBIILI\r\n========================= *\/\r\n@media (max-width: 768px) {\r\n  .footer-columns {\r\n    flex-direction: column;\r\n  }\r\n}\r\n<\/style>\r\n\r\n<div class=\"footer-wrapper\">\r\n  <div class=\"footer-columns\">\r\n\r\n    <!-- VASEN -->\r\n    <div class=\"footer-column\">\r\n      <h4>Turun Seudun Vanhustuki ry<\/h4>\r\n      Lounatuulet Yhteis\u00f6talo, katutaso<br>\r\n      L\u00e4ntinen Pitk\u00e4katu 33<br>\r\n      20100 Turku<br><br>\r\n\r\n      Puhelin: <a href=\"tel:0445367741\">044 536 7741<\/a><br><br>\r\n\r\n      <strong>Toimisto avoinna<\/strong><br>\r\n      maanantaisin, tiistaisin ja torstaisin klo 10\u201314<br>\r\n      keskiviikkoisin klo 12\u201315<br><br>\r\n\r\n      Bussit 43, 3 ja 20\r\n\r\n      <div class=\"footer-social\">\r\n        <a href=\"https:\/\/www.facebook.com\/profile.php?id=100064700707347&locale=fi_FI\" target=\"_blank\" aria-label=\"Facebook\">\r\n          <i class=\"fab fa-facebook-f\"><\/i>\r\n        <\/a>\r\n        <a href=\"https:\/\/www.instagram.com\/turunseudunvanhustuki\/\" target=\"_blank\" aria-label=\"Instagram\">\r\n          <i class=\"fab fa-instagram\"><\/i>\r\n        <\/a>\r\n      <\/div>\r\n    <\/div>\r\n\r\n<!-- KESKI -->\r\n<div class=\"footer-column footer-nav\">\r\n  <h4>Valikko<\/h4>\r\n  <ul>\r\n    <li><a href=\"https:\/\/vanhustuki.fi\/\">Etusivu<\/a><\/li>\r\n    <li><a href=\"https:\/\/vanhustuki.fi\/index.php\/turun-seudun-vanhustuki-ry\/\">Meist\u00e4<\/a><\/li>\r\n    <li><a href=\"https:\/\/vanhustuki.fi\/index.php\/vapaaehtoistoiminta\/\">Vapaaehtoistoiminta<\/a><\/li>\r\n    <li><a href=\"https:\/\/vanhustuki.fi\/index.php\/yhteystiedot\/\">Yhteystiedot<\/a><\/li>\r\n  <\/ul>\r\n<\/div>\r\n\r\n    <!-- OIKEA -->\r\n    <div class=\"footer-column footer-map\">\r\n      <h4>Sijainti<\/h4>\r\n      <iframe\r\n        src=\"https:\/\/www.google.com\/maps?q=L%C3%A4ntinen+Pitk%C3%A4katu+33,+Turku&output=embed\"\r\n        loading=\"lazy\"\r\n        referrerpolicy=\"no-referrer-when-downgrade\">\r\n      <\/iframe>\r\n    <\/div>\r\n\r\n  <\/div>\r\n<\/div>\r\n\t\t\t\t<\/div>\n\t\t\t\t<\/div>\n\t\t\t\t<\/div>\n\t\t\t\t\t<\/div>\n\t\t\t\t<\/div>\n\t\t\t\t<\/div>\n\t\t","protected":false},"excerpt":{"rendered":"<p>Ilmoittaudu tapahtumiin ja retkille T\u00e4m\u00e4n lomakkeen kautta voit ilmoittautua mukaan retkille ja tapahtumiin.\u00a0\u00a0 Mik\u00e4li ilmoittaudut retkelle, laitamme sinulle lis\u00e4tiedot retkest\u00e4 esim. maksutiedot viestitse. Ilmoittautumislomake Turun Seudun Vanhustuki ry Lounatuulet Yhteis\u00f6talo, [&hellip;]<\/p>\n","protected":false},"author":2,"featured_media":29,"parent":0,"menu_order":0,"comment_status":"closed","ping_status":"open","template":"elementor_header_footer","meta":{"footnotes":""},"class_list":["post-2280","page","type-page","status-publish","has-post-thumbnail","hentry"],"yoast_head":"<!-- This site is optimized with the Yoast SEO plugin v27.6 - https:\/\/yoast.com\/product\/yoast-seo-wordpress\/ -->\n<title>Ilmoittaudu tapahtumiin ja retkille - Turun Seudun Vanhustuki ry<\/title>\n<meta name=\"robots\" content=\"index, follow, max-snippet:-1, max-image-preview:large, max-video-preview:-1\" \/>\n<link rel=\"canonical\" href=\"https:\/\/vanhustuki.fi\/index.php\/ilmoittaudu-tapahtumiin-ja-retkille\/\" \/>\n<meta property=\"og:locale\" content=\"fi_FI\" \/>\n<meta property=\"og:type\" content=\"article\" \/>\n<meta property=\"og:title\" content=\"Ilmoittaudu tapahtumiin ja retkille - Turun Seudun Vanhustuki ry\" \/>\n<meta property=\"og:description\" content=\"Ilmoittaudu tapahtumiin ja retkille T\u00e4m\u00e4n lomakkeen kautta voit ilmoittautua mukaan retkille ja tapahtumiin.\u00a0\u00a0 Mik\u00e4li ilmoittaudut retkelle, laitamme sinulle lis\u00e4tiedot retkest\u00e4 esim. maksutiedot viestitse. Ilmoittautumislomake Turun Seudun Vanhustuki ry Lounatuulet Yhteis\u00f6talo, [&hellip;]\" \/>\n<meta property=\"og:url\" content=\"https:\/\/vanhustuki.fi\/index.php\/ilmoittaudu-tapahtumiin-ja-retkille\/\" \/>\n<meta property=\"og:site_name\" content=\"Turun Seudun Vanhustuki ry\" \/>\n<meta property=\"article:modified_time\" content=\"2026-03-25T08:43:00+00:00\" \/>\n<meta property=\"og:image\" content=\"https:\/\/vanhustuki.fi\/wp-content\/uploads\/2025\/11\/Our-Servoces-400_380.jpg\" \/>\n\t<meta property=\"og:image:width\" content=\"400\" \/>\n\t<meta property=\"og:image:height\" content=\"380\" \/>\n\t<meta property=\"og:image:type\" content=\"image\/jpeg\" \/>\n<meta name=\"twitter:card\" content=\"summary_large_image\" \/>\n<meta name=\"twitter:label1\" content=\"Arvioitu lukuaika\" \/>\n\t<meta name=\"twitter:data1\" content=\"2 minuuttia\" \/>\n<script type=\"application\/ld+json\" class=\"yoast-schema-graph\">{\"@context\":\"https:\\\/\\\/schema.org\",\"@graph\":[{\"@type\":\"WebPage\",\"@id\":\"https:\\\/\\\/vanhustuki.fi\\\/index.php\\\/ilmoittaudu-tapahtumiin-ja-retkille\\\/\",\"url\":\"https:\\\/\\\/vanhustuki.fi\\\/index.php\\\/ilmoittaudu-tapahtumiin-ja-retkille\\\/\",\"name\":\"Ilmoittaudu tapahtumiin ja retkille - Turun Seudun Vanhustuki ry\",\"isPartOf\":{\"@id\":\"https:\\\/\\\/vanhustuki.fi\\\/#website\"},\"primaryImageOfPage\":{\"@id\":\"https:\\\/\\\/vanhustuki.fi\\\/index.php\\\/ilmoittaudu-tapahtumiin-ja-retkille\\\/#primaryimage\"},\"image\":{\"@id\":\"https:\\\/\\\/vanhustuki.fi\\\/index.php\\\/ilmoittaudu-tapahtumiin-ja-retkille\\\/#primaryimage\"},\"thumbnailUrl\":\"https:\\\/\\\/i0.wp.com\\\/vanhustuki.fi\\\/wp-content\\\/uploads\\\/2025\\\/11\\\/Our-Servoces-400_380.jpg?fit=400%2C380&ssl=1\",\"datePublished\":\"2025-12-29T06:31:02+00:00\",\"dateModified\":\"2026-03-25T08:43:00+00:00\",\"breadcrumb\":{\"@id\":\"https:\\\/\\\/vanhustuki.fi\\\/index.php\\\/ilmoittaudu-tapahtumiin-ja-retkille\\\/#breadcrumb\"},\"inLanguage\":\"fi\",\"potentialAction\":[{\"@type\":\"ReadAction\",\"target\":[\"https:\\\/\\\/vanhustuki.fi\\\/index.php\\\/ilmoittaudu-tapahtumiin-ja-retkille\\\/\"]}]},{\"@type\":\"ImageObject\",\"inLanguage\":\"fi\",\"@id\":\"https:\\\/\\\/vanhustuki.fi\\\/index.php\\\/ilmoittaudu-tapahtumiin-ja-retkille\\\/#primaryimage\",\"url\":\"https:\\\/\\\/i0.wp.com\\\/vanhustuki.fi\\\/wp-content\\\/uploads\\\/2025\\\/11\\\/Our-Servoces-400_380.jpg?fit=400%2C380&ssl=1\",\"contentUrl\":\"https:\\\/\\\/i0.wp.com\\\/vanhustuki.fi\\\/wp-content\\\/uploads\\\/2025\\\/11\\\/Our-Servoces-400_380.jpg?fit=400%2C380&ssl=1\",\"width\":400,\"height\":380},{\"@type\":\"BreadcrumbList\",\"@id\":\"https:\\\/\\\/vanhustuki.fi\\\/index.php\\\/ilmoittaudu-tapahtumiin-ja-retkille\\\/#breadcrumb\",\"itemListElement\":[{\"@type\":\"ListItem\",\"position\":1,\"name\":\"Etusivu\",\"item\":\"https:\\\/\\\/vanhustuki.fi\\\/\"},{\"@type\":\"ListItem\",\"position\":2,\"name\":\"Ilmoittaudu tapahtumiin ja retkille\"}]},{\"@type\":\"WebSite\",\"@id\":\"https:\\\/\\\/vanhustuki.fi\\\/#website\",\"url\":\"https:\\\/\\\/vanhustuki.fi\\\/\",\"name\":\"Turun Seudun Vanhustuki ry\",\"description\":\"\",\"publisher\":{\"@id\":\"https:\\\/\\\/vanhustuki.fi\\\/#organization\"},\"potentialAction\":[{\"@type\":\"SearchAction\",\"target\":{\"@type\":\"EntryPoint\",\"urlTemplate\":\"https:\\\/\\\/vanhustuki.fi\\\/?s={search_term_string}\"},\"query-input\":{\"@type\":\"PropertyValueSpecification\",\"valueRequired\":true,\"valueName\":\"search_term_string\"}}],\"inLanguage\":\"fi\"},{\"@type\":\"Organization\",\"@id\":\"https:\\\/\\\/vanhustuki.fi\\\/#organization\",\"name\":\"Turun Seudun Vanhustuki ry\",\"url\":\"https:\\\/\\\/vanhustuki.fi\\\/\",\"logo\":{\"@type\":\"ImageObject\",\"inLanguage\":\"fi\",\"@id\":\"https:\\\/\\\/vanhustuki.fi\\\/#\\\/schema\\\/logo\\\/image\\\/\",\"url\":\"https:\\\/\\\/i0.wp.com\\\/vanhustuki.fi\\\/wp-content\\\/uploads\\\/2025\\\/11\\\/logo-lapinakyva-tausta-scaled.png?fit=2543%2C2560&ssl=1\",\"contentUrl\":\"https:\\\/\\\/i0.wp.com\\\/vanhustuki.fi\\\/wp-content\\\/uploads\\\/2025\\\/11\\\/logo-lapinakyva-tausta-scaled.png?fit=2543%2C2560&ssl=1\",\"width\":2543,\"height\":2560,\"caption\":\"Turun Seudun Vanhustuki ry\"},\"image\":{\"@id\":\"https:\\\/\\\/vanhustuki.fi\\\/#\\\/schema\\\/logo\\\/image\\\/\"}}]}<\/script>\n<!-- \/ Yoast SEO plugin. -->","yoast_head_json":{"title":"Ilmoittaudu tapahtumiin ja retkille - Turun Seudun Vanhustuki ry","robots":{"index":"index","follow":"follow","max-snippet":"max-snippet:-1","max-image-preview":"max-image-preview:large","max-video-preview":"max-video-preview:-1"},"canonical":"https:\/\/vanhustuki.fi\/index.php\/ilmoittaudu-tapahtumiin-ja-retkille\/","og_locale":"fi_FI","og_type":"article","og_title":"Ilmoittaudu tapahtumiin ja retkille - Turun Seudun Vanhustuki ry","og_description":"Ilmoittaudu tapahtumiin ja retkille T\u00e4m\u00e4n lomakkeen kautta voit ilmoittautua mukaan retkille ja tapahtumiin.\u00a0\u00a0 Mik\u00e4li ilmoittaudut retkelle, laitamme sinulle lis\u00e4tiedot retkest\u00e4 esim. maksutiedot viestitse. Ilmoittautumislomake Turun Seudun Vanhustuki ry Lounatuulet Yhteis\u00f6talo, [&hellip;]","og_url":"https:\/\/vanhustuki.fi\/index.php\/ilmoittaudu-tapahtumiin-ja-retkille\/","og_site_name":"Turun Seudun Vanhustuki ry","article_modified_time":"2026-03-25T08:43:00+00:00","og_image":[{"width":400,"height":380,"url":"https:\/\/vanhustuki.fi\/wp-content\/uploads\/2025\/11\/Our-Servoces-400_380.jpg","type":"image\/jpeg"}],"twitter_card":"summary_large_image","twitter_misc":{"Arvioitu lukuaika":"2 minuuttia"},"schema":{"@context":"https:\/\/schema.org","@graph":[{"@type":"WebPage","@id":"https:\/\/vanhustuki.fi\/index.php\/ilmoittaudu-tapahtumiin-ja-retkille\/","url":"https:\/\/vanhustuki.fi\/index.php\/ilmoittaudu-tapahtumiin-ja-retkille\/","name":"Ilmoittaudu tapahtumiin ja retkille - Turun Seudun Vanhustuki ry","isPartOf":{"@id":"https:\/\/vanhustuki.fi\/#website"},"primaryImageOfPage":{"@id":"https:\/\/vanhustuki.fi\/index.php\/ilmoittaudu-tapahtumiin-ja-retkille\/#primaryimage"},"image":{"@id":"https:\/\/vanhustuki.fi\/index.php\/ilmoittaudu-tapahtumiin-ja-retkille\/#primaryimage"},"thumbnailUrl":"https:\/\/i0.wp.com\/vanhustuki.fi\/wp-content\/uploads\/2025\/11\/Our-Servoces-400_380.jpg?fit=400%2C380&ssl=1","datePublished":"2025-12-29T06:31:02+00:00","dateModified":"2026-03-25T08:43:00+00:00","breadcrumb":{"@id":"https:\/\/vanhustuki.fi\/index.php\/ilmoittaudu-tapahtumiin-ja-retkille\/#breadcrumb"},"inLanguage":"fi","potentialAction":[{"@type":"ReadAction","target":["https:\/\/vanhustuki.fi\/index.php\/ilmoittaudu-tapahtumiin-ja-retkille\/"]}]},{"@type":"ImageObject","inLanguage":"fi","@id":"https:\/\/vanhustuki.fi\/index.php\/ilmoittaudu-tapahtumiin-ja-retkille\/#primaryimage","url":"https:\/\/i0.wp.com\/vanhustuki.fi\/wp-content\/uploads\/2025\/11\/Our-Servoces-400_380.jpg?fit=400%2C380&ssl=1","contentUrl":"https:\/\/i0.wp.com\/vanhustuki.fi\/wp-content\/uploads\/2025\/11\/Our-Servoces-400_380.jpg?fit=400%2C380&ssl=1","width":400,"height":380},{"@type":"BreadcrumbList","@id":"https:\/\/vanhustuki.fi\/index.php\/ilmoittaudu-tapahtumiin-ja-retkille\/#breadcrumb","itemListElement":[{"@type":"ListItem","position":1,"name":"Etusivu","item":"https:\/\/vanhustuki.fi\/"},{"@type":"ListItem","position":2,"name":"Ilmoittaudu tapahtumiin ja retkille"}]},{"@type":"WebSite","@id":"https:\/\/vanhustuki.fi\/#website","url":"https:\/\/vanhustuki.fi\/","name":"Turun Seudun Vanhustuki ry","description":"","publisher":{"@id":"https:\/\/vanhustuki.fi\/#organization"},"potentialAction":[{"@type":"SearchAction","target":{"@type":"EntryPoint","urlTemplate":"https:\/\/vanhustuki.fi\/?s={search_term_string}"},"query-input":{"@type":"PropertyValueSpecification","valueRequired":true,"valueName":"search_term_string"}}],"inLanguage":"fi"},{"@type":"Organization","@id":"https:\/\/vanhustuki.fi\/#organization","name":"Turun Seudun Vanhustuki ry","url":"https:\/\/vanhustuki.fi\/","logo":{"@type":"ImageObject","inLanguage":"fi","@id":"https:\/\/vanhustuki.fi\/#\/schema\/logo\/image\/","url":"https:\/\/i0.wp.com\/vanhustuki.fi\/wp-content\/uploads\/2025\/11\/logo-lapinakyva-tausta-scaled.png?fit=2543%2C2560&ssl=1","contentUrl":"https:\/\/i0.wp.com\/vanhustuki.fi\/wp-content\/uploads\/2025\/11\/logo-lapinakyva-tausta-scaled.png?fit=2543%2C2560&ssl=1","width":2543,"height":2560,"caption":"Turun Seudun Vanhustuki ry"},"image":{"@id":"https:\/\/vanhustuki.fi\/#\/schema\/logo\/image\/"}}]}},"jetpack_sharing_enabled":true,"_links":{"self":[{"href":"https:\/\/vanhustuki.fi\/index.php\/wp-json\/wp\/v2\/pages\/2280","targetHints":{"allow":["GET"]}}],"collection":[{"href":"https:\/\/vanhustuki.fi\/index.php\/wp-json\/wp\/v2\/pages"}],"about":[{"href":"https:\/\/vanhustuki.fi\/index.php\/wp-json\/wp\/v2\/types\/page"}],"author":[{"embeddable":true,"href":"https:\/\/vanhustuki.fi\/index.php\/wp-json\/wp\/v2\/users\/2"}],"replies":[{"embeddable":true,"href":"https:\/\/vanhustuki.fi\/index.php\/wp-json\/wp\/v2\/comments?post=2280"}],"version-history":[{"count":9,"href":"https:\/\/vanhustuki.fi\/index.php\/wp-json\/wp\/v2\/pages\/2280\/revisions"}],"predecessor-version":[{"id":4736,"href":"https:\/\/vanhustuki.fi\/index.php\/wp-json\/wp\/v2\/pages\/2280\/revisions\/4736"}],"wp:featuredmedia":[{"embeddable":true,"href":"https:\/\/vanhustuki.fi\/index.php\/wp-json\/wp\/v2\/media\/29"}],"wp:attachment":[{"href":"https:\/\/vanhustuki.fi\/index.php\/wp-json\/wp\/v2\/media?parent=2280"}],"curies":[{"name":"wp","href":"https:\/\/api.w.org\/{rel}","templated":true}]}}